{"id":7154,"date":"2020-03-09T23:09:11","date_gmt":"2020-03-09T22:09:11","guid":{"rendered":"https:\/\/www.leftygardens.com\/il-giardino-dinverno\/"},"modified":"2020-03-10T15:20:27","modified_gmt":"2020-03-10T14:20:27","slug":"il-giardino-dinverno","status":"publish","type":"page","link":"https:\/\/www.leftygardens.com\/en\/il-giardino-dinverno\/","title":{"rendered":"IL GIARDINO D&#8217;INVERNO"},"content":{"rendered":"<p>[vc_row][vc_column][vc_column_text]<\/p>\n<h2>Realizzare un&#8217;orangerie \u00e8 il sogno di chi ama le piante e vorrebbe coltivarle tutto l\u2019anno senza temere il freddo. Per un tocco in pi\u00f9 di charme nel giardino.<\/h2>\n<p>Il giardino d\u2019inverno appartiene alla tradizione europea ed era storicamente uno spazioso<br \/>\nedificio annesso a una grande villa signorile. I francesi lo chiamano \u201corangerie\u201d, per i toscani \u00e8<br \/>\nla \u201climonaia\u201d, in ogni caso, in passato il giardino d\u2019inverno era una serra adibita al ricovero<br \/>\ndegli agrumi in vaso e di tutte quelle piante esotiche che non potevano sopravvivere alle forti<br \/>\nescursioni termiche tipiche delle regioni a clima continentale.<\/p>\n<p><strong>Giardino d\u2019inverno in stile inglese<\/strong><br \/>\nGli inglesi, che da secoli hanno una predilezione per i giardini d\u2019inverno, hanno elevato le serre<br \/>\nal rango di strutture architettoniche di grande pregio e ne hanno declinato le destinazioni<br \/>\nd\u2019uso in base alle tipologie di piante che ospitano: green house, palm house, conservatory, hot<br \/>\nhouse e via dicendo. La mastodontica Temperate House dei giardini Kew Garden, ad esempio, \u00e8<br \/>\nun\u2019imponente struttura vetrata di quasi 5.000 metri quadrati che ospita circa 10.000 essenze<br \/>\ne sfiora i 20 metri di altezza nel punto pi\u00f9 elevato.<\/p>\n<p><strong>Cos\u2019\u00e8 un giardino d\u2019inverno<\/strong><br \/>\nOggi con il termine giardino d\u2019inverno si indica un ambiente di dimensioni pi\u00f9 contenute e una<br \/>\nforma d\u2019arredo riadattata al gusto contemporaneo, ma sempre ricercata nel design. Nella<br \/>\nfattispecie, pu\u00f2 essere una serra indipendente in ferro e vetro allestita all\u2019interno del giardino di una villa e destinata principalmente alle piante e al giardinaggio, oppure \u00e8 una veranda vetrata adiacente all\u2019abitazione principale; in questo secondo caso il giardino d\u2019inverno diventa un\u2019estensione della casa, gli inglesi la chiamano conservatory, ovvero un locale aggiuntivo che beneficia dell\u2019irraggiamento solare e consente molteplici attivit\u00e0 sociali: pranzare, leggere, giocare e anche crescere piante in vaso, naturalmente.<\/p>\n<p><strong>Realizzare un giardino d\u2019inverno<\/strong><br \/>\nArricchire i propri spazi esterni con giardini d\u2019inverno \u00e8 una splendida idea per chi<br \/>\ndesidera sfruttarlo al meglio, ed \u00e8 una scelta che aumenta il valore della propriet\u00e0. Un desiger<br \/>\nspecializzato sapr\u00e0 consigliare al meglio valutando gli spazi, l\u2019esposizione e l\u2019uso che i<br \/>\nproprietari intendono fare di questo luogo che ha senza dubbio un fascino particolare e<br \/>\nconsente di coltivare piante che in un giardino all\u2019aperto non potrebbero sopravvivere alla<br \/>\nstagione invernale. E poi, \u00e8 innegabile: anche sedersi a leggere un libro o a bere un caff\u00e8<br \/>\ndiventa un\u2019attivit\u00e0 speciale se si \u00e8 circondati da un ambiente cos\u00ec elegante e curato come<br \/>\nquello del giardino d\u2019inverno.<\/p>\n<p>[\/vc_column_text][vc_column_text][\/vc_column_text][\/vc_column][\/vc_row][vc_row][vc_column][\/vc_column][\/vc_row]<\/p>\n","protected":false},"excerpt":{"rendered":"<p>[vc_row][vc_column][vc_column_text] Realizzare un&#8217;orangerie \u00e8 il sogno di chi ama le piante e vorrebbe coltivarle tutto l\u2019anno senza temere&#8230; <a class=\"excerpt-read-more\" href=\"https:\/\/www.leftygardens.com\/en\/il-giardino-dinverno\/\"><span>Continue Reading<\/span><\/a><\/p>\n","protected":false},"author":1,"featured_media":0,"parent":0,"menu_order":0,"comment_status":"closed","ping_status":"closed","template":"","meta":[],"yoast_head":"<!-- This site is optimized with the Yoast SEO plugin v19.6 - https:\/\/yoast.com\/wordpress\/plugins\/seo\/ -->\n<title>\ud83c\udf3f \u2705 Il Giardino d\u2019Inverno, un piccolo gioiello | Lefty Gardens<\/title>\n<meta name=\"description\" content=\"Realizzare un giardino d&#039;inverno o un\u2019orangerie regala charme e valore al proprio giardino e consente di coltivare tutto l\u2019anno piante che temono il freddo.\" \/>\n<meta name=\"robots\" content=\"index, follow, max-snippet:-1, max-image-preview:large, max-video-preview:-1\" \/>\n<link rel=\"canonical\" href=\"https:\/\/www.leftygardens.com\/en\/il-giardino-dinverno\/\" \/>\n<meta property=\"og:locale\" content=\"en_US\" \/>\n<meta property=\"og:type\" content=\"article\" \/>\n<meta property=\"og:title\" content=\"Il Giardino d\u2019Inverno, un piccolo gioiello | Lefty Gardens\" \/>\n<meta property=\"og:description\" content=\"Realizzare un giardino d&#039;inverno o un\u2019orangerie regala charme e valore al proprio giardino e consente di coltivare tutto l\u2019anno piante che temono il freddo.\" \/>\n<meta property=\"og:url\" content=\"https:\/\/www.leftygardens.com\/en\/il-giardino-dinverno\/\" \/>\n<meta property=\"og:site_name\" content=\"www.leftygardens.com\" \/>\n<meta property=\"article:modified_time\" content=\"2020-03-10T14:20:27+00:00\" \/>\n<meta name=\"twitter:card\" content=\"summary\" \/>\n<meta name=\"twitter:site\" content=\"@Cicciuzz\" \/>\n<meta name=\"twitter:label1\" content=\"Est. reading time\" \/>\n\t<meta name=\"twitter:data1\" content=\"2 minutes\" \/>\n<script type=\"application\/ld+json\" class=\"yoast-schema-graph\">{\"@context\":\"https:\/\/schema.org\",\"@graph\":[{\"@type\":\"WebPage\",\"@id\":\"https:\/\/www.leftygardens.com\/en\/il-giardino-dinverno\/\",\"url\":\"https:\/\/www.leftygardens.com\/en\/il-giardino-dinverno\/\",\"name\":\"Il Giardino d\u2019Inverno, un piccolo gioiello | Lefty Gardens\",\"isPartOf\":{\"@id\":\"https:\/\/www.leftygardens.com\/#website\"},\"datePublished\":\"2020-03-09T22:09:11+00:00\",\"dateModified\":\"2020-03-10T14:20:27+00:00\",\"description\":\"Realizzare un giardino d'inverno o un\u2019orangerie regala charme e valore al proprio giardino e consente di coltivare tutto l\u2019anno piante che temono il freddo.\",\"breadcrumb\":{\"@id\":\"https:\/\/www.leftygardens.com\/en\/il-giardino-dinverno\/#breadcrumb\"},\"inLanguage\":\"en-US\",\"potentialAction\":[{\"@type\":\"ReadAction\",\"target\":[\"https:\/\/www.leftygardens.com\/en\/il-giardino-dinverno\/\"]}]},{\"@type\":\"BreadcrumbList\",\"@id\":\"https:\/\/www.leftygardens.com\/en\/il-giardino-dinverno\/#breadcrumb\",\"itemListElement\":[{\"@type\":\"ListItem\",\"position\":1,\"name\":\"Home\",\"item\":\"https:\/\/www.leftygardens.com\/en\/\"},{\"@type\":\"ListItem\",\"position\":2,\"name\":\"IL GIARDINO D&#8217;INVERNO\"}]},{\"@type\":\"WebSite\",\"@id\":\"https:\/\/www.leftygardens.com\/#website\",\"url\":\"https:\/\/www.leftygardens.com\/\",\"name\":\"www.leftygardens.com\",\"description\":\"Atelier di paesaggio\",\"publisher\":{\"@id\":\"https:\/\/www.leftygardens.com\/#organization\"},\"potentialAction\":[{\"@type\":\"SearchAction\",\"target\":{\"@type\":\"EntryPoint\",\"urlTemplate\":\"https:\/\/www.leftygardens.com\/?s={search_term_string}\"},\"query-input\":\"required name=search_term_string\"}],\"inLanguage\":\"en-US\"},{\"@type\":\"Organization\",\"@id\":\"https:\/\/www.leftygardens.com\/#organization\",\"name\":\"Lefty Gardens\",\"url\":\"https:\/\/www.leftygardens.com\/\",\"sameAs\":[\"https:\/\/www.linkedin.com\/in\/davide-cerruto-07132798\/\",\"https:\/\/twitter.com\/Cicciuzz\"],\"logo\":{\"@type\":\"ImageObject\",\"inLanguage\":\"en-US\",\"@id\":\"https:\/\/www.leftygardens.com\/#\/schema\/logo\/image\/\",\"url\":\"https:\/\/i0.wp.com\/www.leftygardens.com\/wp-content\/uploads\/2017\/01\/logo_salvia_250.png?fit=250%2C240&ssl=1\",\"contentUrl\":\"https:\/\/i0.wp.com\/www.leftygardens.com\/wp-content\/uploads\/2017\/01\/logo_salvia_250.png?fit=250%2C240&ssl=1\",\"width\":250,\"height\":240,\"caption\":\"Lefty Gardens\"},\"image\":{\"@id\":\"https:\/\/www.leftygardens.com\/#\/schema\/logo\/image\/\"}}]}<\/script>\n<!-- \/ Yoast SEO plugin. -->","yoast_head_json":{"title":"\ud83c\udf3f \u2705 Il Giardino d\u2019Inverno, un piccolo gioiello | Lefty Gardens","description":"Realizzare un giardino d'inverno o un\u2019orangerie regala charme e valore al proprio giardino e consente di coltivare tutto l\u2019anno piante che temono il freddo.","robots":{"index":"index","follow":"follow","max-snippet":"max-snippet:-1","max-image-preview":"max-image-preview:large","max-video-preview":"max-video-preview:-1"},"canonical":"https:\/\/www.leftygardens.com\/en\/il-giardino-dinverno\/","og_locale":"en_US","og_type":"article","og_title":"Il Giardino d\u2019Inverno, un piccolo gioiello | Lefty Gardens","og_description":"Realizzare un giardino d'inverno o un\u2019orangerie regala charme e valore al proprio giardino e consente di coltivare tutto l\u2019anno piante che temono il freddo.","og_url":"https:\/\/www.leftygardens.com\/en\/il-giardino-dinverno\/","og_site_name":"www.leftygardens.com","article_modified_time":"2020-03-10T14:20:27+00:00","twitter_card":"summary","twitter_site":"@Cicciuzz","twitter_misc":{"Est. reading time":"2 minutes"},"schema":{"@context":"https:\/\/schema.org","@graph":[{"@type":"WebPage","@id":"https:\/\/www.leftygardens.com\/en\/il-giardino-dinverno\/","url":"https:\/\/www.leftygardens.com\/en\/il-giardino-dinverno\/","name":"Il Giardino d\u2019Inverno, un piccolo gioiello | Lefty Gardens","isPartOf":{"@id":"https:\/\/www.leftygardens.com\/#website"},"datePublished":"2020-03-09T22:09:11+00:00","dateModified":"2020-03-10T14:20:27+00:00","description":"Realizzare un giardino d'inverno o un\u2019orangerie regala charme e valore al proprio giardino e consente di coltivare tutto l\u2019anno piante che temono il freddo.","breadcrumb":{"@id":"https:\/\/www.leftygardens.com\/en\/il-giardino-dinverno\/#breadcrumb"},"inLanguage":"en-US","potentialAction":[{"@type":"ReadAction","target":["https:\/\/www.leftygardens.com\/en\/il-giardino-dinverno\/"]}]},{"@type":"BreadcrumbList","@id":"https:\/\/www.leftygardens.com\/en\/il-giardino-dinverno\/#breadcrumb","itemListElement":[{"@type":"ListItem","position":1,"name":"Home","item":"https:\/\/www.leftygardens.com\/en\/"},{"@type":"ListItem","position":2,"name":"IL GIARDINO D&#8217;INVERNO"}]},{"@type":"WebSite","@id":"https:\/\/www.leftygardens.com\/#website","url":"https:\/\/www.leftygardens.com\/","name":"www.leftygardens.com","description":"Atelier di paesaggio","publisher":{"@id":"https:\/\/www.leftygardens.com\/#organization"},"potentialAction":[{"@type":"SearchAction","target":{"@type":"EntryPoint","urlTemplate":"https:\/\/www.leftygardens.com\/?s={search_term_string}"},"query-input":"required name=search_term_string"}],"inLanguage":"en-US"},{"@type":"Organization","@id":"https:\/\/www.leftygardens.com\/#organization","name":"Lefty Gardens","url":"https:\/\/www.leftygardens.com\/","sameAs":["https:\/\/www.linkedin.com\/in\/davide-cerruto-07132798\/","https:\/\/twitter.com\/Cicciuzz"],"logo":{"@type":"ImageObject","inLanguage":"en-US","@id":"https:\/\/www.leftygardens.com\/#\/schema\/logo\/image\/","url":"https:\/\/i0.wp.com\/www.leftygardens.com\/wp-content\/uploads\/2017\/01\/logo_salvia_250.png?fit=250%2C240&ssl=1","contentUrl":"https:\/\/i0.wp.com\/www.leftygardens.com\/wp-content\/uploads\/2017\/01\/logo_salvia_250.png?fit=250%2C240&ssl=1","width":250,"height":240,"caption":"Lefty Gardens"},"image":{"@id":"https:\/\/www.leftygardens.com\/#\/schema\/logo\/image\/"}}]}},"jetpack_sharing_enabled":true,"jetpack_shortlink":"https:\/\/wp.me\/P8kDjS-1Ro","_links":{"self":[{"href":"https:\/\/www.leftygardens.com\/en\/wp-json\/wp\/v2\/pages\/7154"}],"collection":[{"href":"https:\/\/www.leftygardens.com\/en\/wp-json\/wp\/v2\/pages"}],"about":[{"href":"https:\/\/www.leftygardens.com\/en\/wp-json\/wp\/v2\/types\/page"}],"author":[{"embeddable":true,"href":"https:\/\/www.leftygardens.com\/en\/wp-json\/wp\/v2\/users\/1"}],"replies":[{"embeddable":true,"href":"https:\/\/www.leftygardens.com\/en\/wp-json\/wp\/v2\/comments?post=7154"}],"version-history":[{"count":1,"href":"https:\/\/www.leftygardens.com\/en\/wp-json\/wp\/v2\/pages\/7154\/revisions"}],"predecessor-version":[{"id":7158,"href":"https:\/\/www.leftygardens.com\/en\/wp-json\/wp\/v2\/pages\/7154\/revisions\/7158"}],"wp:attachment":[{"href":"https:\/\/www.leftygardens.com\/en\/wp-json\/wp\/v2\/media?parent=7154"}],"curies":[{"name":"wp","href":"https:\/\/api.w.org\/{rel}","templated":true}]}}