{"id":7162,"date":"2020-03-09T22:22:29","date_gmt":"2020-03-09T21:22:29","guid":{"rendered":"https:\/\/www.leftygardens.com\/parete-verde\/"},"modified":"2021-01-22T18:43:51","modified_gmt":"2021-01-22T17:43:51","slug":"parete-verde","status":"publish","type":"page","link":"https:\/\/www.leftygardens.com\/en\/parete-verde\/","title":{"rendered":"PARETE VERDE"},"content":{"rendered":"<p>[vc_row][vc_column][vc_column_text]<\/p>\n<h2>Il verde verticale trasforma qualunque muro in un piccolo habitat verde brulicante di vita. I vantaggi? Non soltanto estetici, perch\u00e9 una parete verde filtra l\u2019aria, riduce l\u2019inquinamento acustico e migliora anche l\u2019umore delle persone.<\/h2>\n<p>Una parete verde \u00e8 una tipologia di verde tecnico pensato specificamente per l\u2019inverdimento in<br \/>\nambito urbano. Le citt\u00e0 sono infatti un ambiente in cui spesso risulta complicato impiantare<br \/>\ngiardini tradizionali in piena terra, per carenza di spazi e limiti di accessibilit\u00e0.<\/p>\n<p><strong>Sistemi di verde verticale<\/strong><br \/>\nQuando parliamo di una parete verde, e in senso pi\u00f9 ampio di verde verticale, c\u2019\u00e8 sempre dietro<br \/>\nun \u201csistema\u201d, di solito modulare, costituito da una sottostruttura per il fissaggio a muro<br \/>\ntramite staffe, canali e impianti per la gestione delle acque, alloggiamenti per terricci e<br \/>\nmateriale vegetale vero e proprio. Il sistema di verde verticale pi\u00f9 celebre, tuttora molto<br \/>\nutilizzato, \u00e8 quello inventato molti anni fa da Patrick Blanc, paesaggista francese che per<br \/>\nprimo ide\u00f2, brevett\u00f2 e lancio commercialmente il suo giardino verticale (mur v\u00e9g\u00e9tal), un<br \/>\nsistema a strati integrato all\u2019involucro architettonico che termina con uno strato di feltro<br \/>\ncorredato da tasche per ospitare le piante. Altri sistemi di parete verde utilizzano moduli a<br \/>\ncontenitori riempiti di sfagno, un muschio capace di trattenere un volume di acqua fino a 30<br \/>\nvolte il suo peso da secco. A prescindere dal sistema e dalla sua affidabilit\u00e0, tutte le pareti<br \/>\nverdi non possono fare a meno di un livello minimo di manutenzione programmata, quindi \u00e8<br \/>\nbene stilare un contratto di manutenzione del verde (supervisione, potature, sostituzione<br \/>\npiante rovinate, &#8230;) con l\u2019azienda o il professionista che ha installato il giardino verticale.<\/p>\n<p><strong>Verde verticale: applicazioni<\/strong><br \/>\nLe pareti verdi hanno una doppia natura: sono giardini vivi che elevano il benessere e la qualit\u00e0<br \/>\ndella vita comune, ma sono anche una forma di arredo attrattiva in modo trasversale per luoghi<br \/>\npubblici e centri di grande aggregazione, sedi aziendali di rappresentanza, ma anche per<br \/>\nproprietari di abitazioni private e per titolari di attivit\u00e0 commerciali. Oggi \u00e8 possibile creare<br \/>\nliving wall di alto impatto estetico sia all\u2019esterno sia all\u2019interno degli edifici. Un progettista del<br \/>\nverde pu\u00f2 disegnare pareti verdi su misura in modo che si adattino a ogni ambiente, esterno o<br \/>\ninterno, e pu\u00f2 anche comporre in anteprima un disegno con le piante in base all\u2019effetto che si<br \/>\nvuole ottenere. Infine, si possono installare muri vegetali temporanei per allestimenti green di<br \/>\nforte impatto (con strutture leggere e costi pi\u00f9 contenuti) a corredo di fiere ed eventi<br \/>\nprestigiosi.<\/p>\n<p><strong>Vantaggi del living wall<\/strong><br \/>\nUna parete verde in facciata, con migliaia di piante a formare una fitta vegetazione, abbatte in<br \/>\nestate fino al 30% della temperatura dentro l\u2019edificio e riduce l&amp;#39;inquinamento acustico del<br \/>\n40% grazie a una barriera vegetale fonoassorbente costituita da piante, terriccio e strutture. E<br \/>\nquesti sono soltanto i vantaggi tangibili. Molti studi dimostrano che le piante favoriscono la<br \/>\nsocialit\u00e0, esercitano un effetto distensivo, migliorano la produttivit\u00e0 e stimolano il benessere<br \/>\npsichico delle persone.<\/p>\n<p><strong>Tipologie di piante utilizzate<\/strong><br \/>\nSe il sistema lo prevede, le piante possono essere vendute precoltivate nel modulo, per un<br \/>\nsicuro \u201cpronto effetto\u201d, oppure possono essere messe a dimora sulla parete verde in modo che<br \/>\ncrescano e riempiano gli spazi nel giro di qualche mese. Tra le piante maggiormente utilizzate<br \/>\nall\u2019interno ci sono le piante tropicali, come Chlorpythum comosum, Nephrolepis exaltata,<br \/>\nPhilodendron scandens, Epipremnum aureum e decine di altre essenze che hanno il pregio di<br \/>\nadattarsi bene agli ambienti chiusi e non hanno bisogno di fiori per essere scenografiche: la<br \/>\nloro bellezza \u00e8 infatti dettata dall\u2019incredibile variet\u00e0 dei fogliami, brillanti, variegati, colorati,<br \/>\nmaculati. Se siamo in esterno invece non c\u2019\u00e8 che l\u2019imbarazzo della scelta, si possono creare<br \/>\npareti verdi di piante aromatiche, piccoli arbusti ed erbacee perenni: santolina, timo, heuchera,<br \/>\nedere, per citarne solo alcuni.[\/vc_column_text][vc_column_text][\/vc_column_text][\/vc_column][\/vc_row][vc_row][vc_column][\/vc_column][\/vc_row]<\/p>\n","protected":false},"excerpt":{"rendered":"<p>[vc_row][vc_column][vc_column_text] Il verde verticale trasforma qualunque muro in un piccolo habitat verde brulicante di vita. I vantaggi? Non&#8230; <a class=\"excerpt-read-more\" href=\"https:\/\/www.leftygardens.com\/en\/parete-verde\/\"><span>Continue Reading<\/span><\/a><\/p>\n","protected":false},"author":1,"featured_media":0,"parent":0,"menu_order":0,"comment_status":"closed","ping_status":"closed","template":"","meta":[],"yoast_head":"<!-- This site is optimized with the Yoast SEO plugin v19.6 - https:\/\/yoast.com\/wordpress\/plugins\/seo\/ -->\n<title>\ud83c\udf3f \u2705 Parete Verde: il Trend Verde Verticale | Lefty Gardens<\/title>\n<meta name=\"description\" content=\"Una parete verde non \u00e8 solo bella da vedere ma fa bene all\u2019ambiente e all\u2019umore. \u2705 Scopri i vantaggi del verde verticale, il trend del momento.\" \/>\n<meta name=\"robots\" content=\"index, follow, max-snippet:-1, max-image-preview:large, max-video-preview:-1\" \/>\n<link rel=\"canonical\" href=\"https:\/\/www.leftygardens.com\/en\/parete-verde\/\" \/>\n<meta property=\"og:locale\" content=\"en_US\" \/>\n<meta property=\"og:type\" content=\"article\" \/>\n<meta property=\"og:title\" content=\"Parete Verde: il Trend Verde Verticale | Lefty Gardens\" \/>\n<meta property=\"og:description\" content=\"Una parete verde non \u00e8 solo bella da vedere ma fa bene all\u2019ambiente e all\u2019umore. \u2705 Scopri i vantaggi del verde verticale, il trend del momento.\" \/>\n<meta property=\"og:url\" content=\"https:\/\/www.leftygardens.com\/en\/parete-verde\/\" \/>\n<meta property=\"og:site_name\" content=\"www.leftygardens.com\" \/>\n<meta property=\"article:modified_time\" content=\"2021-01-22T17:43:51+00:00\" \/>\n<meta name=\"twitter:card\" content=\"summary\" \/>\n<meta name=\"twitter:site\" content=\"@Cicciuzz\" \/>\n<meta name=\"twitter:label1\" content=\"Est. reading time\" \/>\n\t<meta name=\"twitter:data1\" content=\"3 minutes\" \/>\n<script type=\"application\/ld+json\" class=\"yoast-schema-graph\">{\"@context\":\"https:\/\/schema.org\",\"@graph\":[{\"@type\":\"WebPage\",\"@id\":\"https:\/\/www.leftygardens.com\/en\/parete-verde\/\",\"url\":\"https:\/\/www.leftygardens.com\/en\/parete-verde\/\",\"name\":\"Parete Verde: il Trend Verde Verticale | Lefty Gardens\",\"isPartOf\":{\"@id\":\"https:\/\/www.leftygardens.com\/#website\"},\"datePublished\":\"2020-03-09T21:22:29+00:00\",\"dateModified\":\"2021-01-22T17:43:51+00:00\",\"description\":\"Una parete verde non \u00e8 solo bella da vedere ma fa bene all\u2019ambiente e all\u2019umore. \u2705 Scopri i vantaggi del verde verticale, il trend del momento.\",\"breadcrumb\":{\"@id\":\"https:\/\/www.leftygardens.com\/en\/parete-verde\/#breadcrumb\"},\"inLanguage\":\"en-US\",\"potentialAction\":[{\"@type\":\"ReadAction\",\"target\":[\"https:\/\/www.leftygardens.com\/en\/parete-verde\/\"]}]},{\"@type\":\"BreadcrumbList\",\"@id\":\"https:\/\/www.leftygardens.com\/en\/parete-verde\/#breadcrumb\",\"itemListElement\":[{\"@type\":\"ListItem\",\"position\":1,\"name\":\"Home\",\"item\":\"https:\/\/www.leftygardens.com\/en\/\"},{\"@type\":\"ListItem\",\"position\":2,\"name\":\"PARETE VERDE\"}]},{\"@type\":\"WebSite\",\"@id\":\"https:\/\/www.leftygardens.com\/#website\",\"url\":\"https:\/\/www.leftygardens.com\/\",\"name\":\"www.leftygardens.com\",\"description\":\"Atelier di paesaggio\",\"publisher\":{\"@id\":\"https:\/\/www.leftygardens.com\/#organization\"},\"potentialAction\":[{\"@type\":\"SearchAction\",\"target\":{\"@type\":\"EntryPoint\",\"urlTemplate\":\"https:\/\/www.leftygardens.com\/?s={search_term_string}\"},\"query-input\":\"required name=search_term_string\"}],\"inLanguage\":\"en-US\"},{\"@type\":\"Organization\",\"@id\":\"https:\/\/www.leftygardens.com\/#organization\",\"name\":\"Lefty Gardens\",\"url\":\"https:\/\/www.leftygardens.com\/\",\"sameAs\":[\"https:\/\/www.linkedin.com\/in\/davide-cerruto-07132798\/\",\"https:\/\/twitter.com\/Cicciuzz\"],\"logo\":{\"@type\":\"ImageObject\",\"inLanguage\":\"en-US\",\"@id\":\"https:\/\/www.leftygardens.com\/#\/schema\/logo\/image\/\",\"url\":\"https:\/\/i0.wp.com\/www.leftygardens.com\/wp-content\/uploads\/2017\/01\/logo_salvia_250.png?fit=250%2C240&ssl=1\",\"contentUrl\":\"https:\/\/i0.wp.com\/www.leftygardens.com\/wp-content\/uploads\/2017\/01\/logo_salvia_250.png?fit=250%2C240&ssl=1\",\"width\":250,\"height\":240,\"caption\":\"Lefty Gardens\"},\"image\":{\"@id\":\"https:\/\/www.leftygardens.com\/#\/schema\/logo\/image\/\"}}]}<\/script>\n<!-- \/ Yoast SEO plugin. -->","yoast_head_json":{"title":"\ud83c\udf3f \u2705 Parete Verde: il Trend Verde Verticale | Lefty Gardens","description":"Una parete verde non \u00e8 solo bella da vedere ma fa bene all\u2019ambiente e all\u2019umore. \u2705 Scopri i vantaggi del verde verticale, il trend del momento.","robots":{"index":"index","follow":"follow","max-snippet":"max-snippet:-1","max-image-preview":"max-image-preview:large","max-video-preview":"max-video-preview:-1"},"canonical":"https:\/\/www.leftygardens.com\/en\/parete-verde\/","og_locale":"en_US","og_type":"article","og_title":"Parete Verde: il Trend Verde Verticale | Lefty Gardens","og_description":"Una parete verde non \u00e8 solo bella da vedere ma fa bene all\u2019ambiente e all\u2019umore. \u2705 Scopri i vantaggi del verde verticale, il trend del momento.","og_url":"https:\/\/www.leftygardens.com\/en\/parete-verde\/","og_site_name":"www.leftygardens.com","article_modified_time":"2021-01-22T17:43:51+00:00","twitter_card":"summary","twitter_site":"@Cicciuzz","twitter_misc":{"Est. reading time":"3 minutes"},"schema":{"@context":"https:\/\/schema.org","@graph":[{"@type":"WebPage","@id":"https:\/\/www.leftygardens.com\/en\/parete-verde\/","url":"https:\/\/www.leftygardens.com\/en\/parete-verde\/","name":"Parete Verde: il Trend Verde Verticale | Lefty Gardens","isPartOf":{"@id":"https:\/\/www.leftygardens.com\/#website"},"datePublished":"2020-03-09T21:22:29+00:00","dateModified":"2021-01-22T17:43:51+00:00","description":"Una parete verde non \u00e8 solo bella da vedere ma fa bene all\u2019ambiente e all\u2019umore. \u2705 Scopri i vantaggi del verde verticale, il trend del momento.","breadcrumb":{"@id":"https:\/\/www.leftygardens.com\/en\/parete-verde\/#breadcrumb"},"inLanguage":"en-US","potentialAction":[{"@type":"ReadAction","target":["https:\/\/www.leftygardens.com\/en\/parete-verde\/"]}]},{"@type":"BreadcrumbList","@id":"https:\/\/www.leftygardens.com\/en\/parete-verde\/#breadcrumb","itemListElement":[{"@type":"ListItem","position":1,"name":"Home","item":"https:\/\/www.leftygardens.com\/en\/"},{"@type":"ListItem","position":2,"name":"PARETE VERDE"}]},{"@type":"WebSite","@id":"https:\/\/www.leftygardens.com\/#website","url":"https:\/\/www.leftygardens.com\/","name":"www.leftygardens.com","description":"Atelier di paesaggio","publisher":{"@id":"https:\/\/www.leftygardens.com\/#organization"},"potentialAction":[{"@type":"SearchAction","target":{"@type":"EntryPoint","urlTemplate":"https:\/\/www.leftygardens.com\/?s={search_term_string}"},"query-input":"required name=search_term_string"}],"inLanguage":"en-US"},{"@type":"Organization","@id":"https:\/\/www.leftygardens.com\/#organization","name":"Lefty Gardens","url":"https:\/\/www.leftygardens.com\/","sameAs":["https:\/\/www.linkedin.com\/in\/davide-cerruto-07132798\/","https:\/\/twitter.com\/Cicciuzz"],"logo":{"@type":"ImageObject","inLanguage":"en-US","@id":"https:\/\/www.leftygardens.com\/#\/schema\/logo\/image\/","url":"https:\/\/i0.wp.com\/www.leftygardens.com\/wp-content\/uploads\/2017\/01\/logo_salvia_250.png?fit=250%2C240&ssl=1","contentUrl":"https:\/\/i0.wp.com\/www.leftygardens.com\/wp-content\/uploads\/2017\/01\/logo_salvia_250.png?fit=250%2C240&ssl=1","width":250,"height":240,"caption":"Lefty Gardens"},"image":{"@id":"https:\/\/www.leftygardens.com\/#\/schema\/logo\/image\/"}}]}},"jetpack_sharing_enabled":true,"jetpack_shortlink":"https:\/\/wp.me\/P8kDjS-1Rw","_links":{"self":[{"href":"https:\/\/www.leftygardens.com\/en\/wp-json\/wp\/v2\/pages\/7162"}],"collection":[{"href":"https:\/\/www.leftygardens.com\/en\/wp-json\/wp\/v2\/pages"}],"about":[{"href":"https:\/\/www.leftygardens.com\/en\/wp-json\/wp\/v2\/types\/page"}],"author":[{"embeddable":true,"href":"https:\/\/www.leftygardens.com\/en\/wp-json\/wp\/v2\/users\/1"}],"replies":[{"embeddable":true,"href":"https:\/\/www.leftygardens.com\/en\/wp-json\/wp\/v2\/comments?post=7162"}],"version-history":[{"count":1,"href":"https:\/\/www.leftygardens.com\/en\/wp-json\/wp\/v2\/pages\/7162\/revisions"}],"predecessor-version":[{"id":7165,"href":"https:\/\/www.leftygardens.com\/en\/wp-json\/wp\/v2\/pages\/7162\/revisions\/7165"}],"wp:attachment":[{"href":"https:\/\/www.leftygardens.com\/en\/wp-json\/wp\/v2\/media?parent=7162"}],"curies":[{"name":"wp","href":"https:\/\/api.w.org\/{rel}","templated":true}]}}