{"id":7172,"date":"2020-03-08T10:42:09","date_gmt":"2020-03-08T09:42:09","guid":{"rendered":"https:\/\/www.leftygardens.com\/cosa-facciamo\/"},"modified":"2020-03-10T15:21:55","modified_gmt":"2020-03-10T14:21:55","slug":"cosa-facciamo","status":"publish","type":"page","link":"https:\/\/www.leftygardens.com\/en\/cosa-facciamo\/","title":{"rendered":"PROGETTARE UN GIARDINO"},"content":{"rendered":"<p><i><span style=\"font-weight: 400;\">Progettare un giardino \u00e8 il modo migliore per valorizzare il tuo spazio all\u2019aperto e non commettere errori di cui potresti accorgerti quando ormai \u00e8 troppo tardi<\/span><\/i><span style=\"font-weight: 400;\"><br \/>\n<\/span><span style=\"font-weight: 400;\"><br \/>\n<\/span><b>Che cos\u2019\u00e8 un giardino?<\/b><span style=\"font-weight: 400;\"> \u00c8 una porzione di terreno con qualche albero intorno? \u00c8 un luogo di ricreazione in mezzo alla natura? Difficile dare una definizione conclusiva, di certo un giardino non \u00e8 un ambiente completamente naturale, semmai \u00e8 pi\u00f9 corretto dire che un giardino \u00e8 un luogo artificiale progettato per risultare naturale. Una siepe e un prato ben curati non sono per\u00f2 sufficienti a trasformare un\u2019area all\u2019aperto in un giardino interessante, che nell\u2019immaginario \u2013 e anche nella realt\u00e0 \u2013 dovrebbe essere in equilibrio tra fascino contemplativo e molteplici destinazioni d\u2019uso.<\/span><span style=\"font-weight: 400;\"><br \/>\n<\/span><span style=\"font-weight: 400;\"><br \/>\n<\/span><b>Non esistono due giardini uguali al mondo<\/b><span style=\"font-weight: 400;\">, questo perch\u00e9 ogni propriet\u00e0, ogni terrazzo e ogni villa ha caratteristiche differenti (contesto, clima, esposizione, suolo, edifici, paesaggio circostante). In sostanza ogni giardino \u00e8 unico e merita una progettazione su misura che risolva, o quanto meno attenui, le specifiche criticit\u00e0 e allo stesso tempo valorizzi le potenzialit\u00e0 del sito. I parchi all\u2019inglese, cos\u00ec naturali e piacevoli da visitare, sono frutto di progettazioni minuziose e cantieri monumentali. E di decenni di manutenzione ordinaria e accurata del verde.<\/span><span style=\"font-weight: 400;\"><br \/>\n<\/span><span style=\"font-weight: 400;\"><br \/>\n<\/span><span style=\"font-weight: 400;\">Progettare un giardino, anche di piccole dimensioni, significa permettere alle persone che lo frequentano di <\/span><b>svolgere una serie di attivit\u00e0 in mezzo al verde<\/b><span style=\"font-weight: 400;\">: giocare, passeggiare, rilassarsi, prendere il sole, socializzare, nuotare, pranzare, fare ginnastica, coltivare un orto. A volte bisogna prevedere tutte queste attivit\u00e0 all\u2019interno dello stesso giardino. Di conseguenza progettare un giardino \u00e8 un\u2019azione complessa che non si limita alla scelta delle piante ma ha come obiettivi l\u2019organizzazione degli spazi e l\u2019individuazione delle funzioni. La progettazione del verde deve quindi prendere in considerazione <\/span><b>elementi naturali ed elementi costruiti<\/b><span style=\"font-weight: 400;\"> come sedute e arredi, impianti di irrigazione, piscine, camminamenti, luci, pergole, sculture.<\/span><span style=\"font-weight: 400;\"><br \/>\n<\/span><span style=\"font-weight: 400;\"><br \/>\n<\/span><strong>Progettazione del verde<\/strong><span style=\"font-weight: 400;\"><br \/>\n<\/span><span style=\"font-weight: 400;\">Progettare un giardino significa affidarsi a un architetto del paesaggio o a un progettista del verde, garden designer se preferite, che sono <\/span><b>le figure professionali che si occupano di progettazione del verde<\/b><span style=\"font-weight: 400;\"> sotto ogni aspetto. Un bravo progettista del verde deve unire competenze tecniche impeccabili a una profonda conoscenza delle piante e deve anche possedere uno spiccato gusto estetico.<\/span><span style=\"font-weight: 400;\"><br \/>\n<\/span><span style=\"font-weight: 400;\"><br \/>\n<\/span><span style=\"font-weight: 400;\"><strong>Manutenzione giardini<\/strong><br \/>\n<\/span><span style=\"font-weight: 400;\">La manutenzione del verde viene considerata un\u2019attivit\u00e0 secondaria, o addirittura un male necessario, ma questo approccio \u00e8 sbagliato e controproducente. In realt\u00e0 \u00e8 proprio la manutenzione ordinaria costante a rendere il giardino un luogo attrattivo, rigoglioso e pieno di vita. Progettare un giardino non serve a nulla se poi non viene effettuata regolarmente la manutenzione; per questo motivo un bravo progettista del verde deve considerare <\/span><b>la manutenzione giardini parte integrante del progetto<\/b><span style=\"font-weight: 400;\"> fin dall\u2019inizio. <\/span><span style=\"font-weight: 400;\"><br \/>\n<\/span><span style=\"font-weight: 400;\"><br \/>\n<\/span><strong>Piante da giardino<\/strong><span style=\"font-weight: 400;\"><br \/>\n<\/span><span style=\"font-weight: 400;\">Le piante da giardino sono moltissime e si dividono in tre categorie di massima: arbusti, alberi ed erbacee perenni. Mescolate tra loro, <\/span><b>le piante da giardino possono generare un\u2019infinit\u00e0 di combinazioni<\/b><span style=\"font-weight: 400;\">, portamenti, tessiture foliari, colori e fioriture in periodi differenti. \u00c8 molto importante progettare un giardino in modo che abbia una struttura vegetale forte, in equilibrio tra fiori e foglie come anche tra piante sempreverdi e piante spoglianti, in modo che il giardino possa fornire spunti e motivi di interesse nell\u2019arco di tutto l\u2019anno. <\/span><span style=\"font-weight: 400;\"><br \/>\n<\/span><span style=\"font-weight: 400;\"><br \/>\n<\/span><span style=\"font-weight: 400;\">A differenza di quello che si potrebbe pensare, quando si approccia la progettazione del verde, le piante ornamentali sono l\u2019ultimo elemento da prendere in considerazione. In fase di elaborazione di progetti di giardini \u00e8 meglio pensare alle piante come a <\/span><b>volumi e masse verdi<\/b><span style=\"font-weight: 400;\"> indistinte e a dove le vogliamo inserire. Questo perch\u00e9 le piante da giardino ci possono distrarre dal nostro obiettivo primario, che \u00e8 quello di progettare un giardino suddiviso in zone e che soddisfi le esigenze del committente. Solo quando avremo in mano il progetto definitivo potremo <\/span><b>scegliere le piante in base a una serie di criteri<\/b><span style=\"font-weight: 400;\">: bellezza della fioritura, massimo sviluppo, livello di manutenzione, armonia con le altre piante da giardino.<\/span><span style=\"font-weight: 400;\"><br \/>\n<\/span><span style=\"font-weight: 400;\"><br \/>\n<\/span><strong>Impianti di irrigazione<\/strong><span style=\"font-weight: 400;\"><br \/>\n<\/span><span style=\"font-weight: 400;\">I giardini ornamentali, per essere belli e in salute, non possono prescindere da impianti di irrigazione su misura. L\u2019acqua \u00e8 un bene prezioso per le piante e anche per la collettivit\u00e0, di conseguenza tutti <\/span><b>gli impianti di irrigazione dovrebbero essere dimensionati in modo corretto<\/b><span style=\"font-weight: 400;\"> per evitare sprechi. Inoltre ogni tipo di pianta, terreno e zona del nostro giardino ha bisogno di un\u2019irrigazione differente. Un tappeto erboso, ad esempio, verr\u00e0 irrorato a pioggia con turbine a scomparsa, siepi e bordure devono essere servite da sistemi ad ala gocciolante, vasi e fioriere devono essere collegati a un sistema di micro irrigazione.<\/span><span style=\"font-weight: 400;\"><br \/>\n<\/span><span style=\"font-weight: 400;\"><br \/>\n<\/span><strong>Illuminazione giardini<\/strong><span style=\"font-weight: 400;\"><br \/>\n<\/span><span style=\"font-weight: 400;\">In molti sottovalutano l\u2019importanza dell\u2019illuminazione in giardino, eppure <\/span><b>la miscela giusta di luci e ombre<\/b><span style=\"font-weight: 400;\"> pu\u00f2 creare effetti spettacolari e segnare il confine tra un bel giardino e un luogo magico. Un buon progetto di illuminazione giardini valorizza tantissimo la vegetazione e permette di <\/span><b>ammirare la bellezza del giardino anche di notte<\/b><span style=\"font-weight: 400;\">, da dentro casa come da fuori, con prospettive e sensazioni differenti. Inoltre l\u2019illuminazione giardini ha anche un utile effetto collaterale perch\u00e9 tiene alla larga i malintenzionati.<\/span><\/p>\n","protected":false},"excerpt":{"rendered":"<p>Progettare un giardino \u00e8 il modo migliore per valorizzare il tuo spazio all\u2019aperto e non commettere errori di&#8230; <a class=\"excerpt-read-more\" href=\"https:\/\/www.leftygardens.com\/en\/cosa-facciamo\/\"><span>Continue Reading<\/span><\/a><\/p>\n","protected":false},"author":1,"featured_media":0,"parent":0,"menu_order":0,"comment_status":"closed","ping_status":"closed","template":"page-service-geoseo.php","meta":[],"yoast_head":"<!-- This site is optimized with the Yoast SEO plugin v19.6 - https:\/\/yoast.com\/wordpress\/plugins\/seo\/ -->\n<title>\ud83c\udf3f \u2705 Progettazione &amp; Realizzazione Giardini | Lefty Gardens<\/title>\n<meta name=\"robots\" content=\"index, follow, max-snippet:-1, max-image-preview:large, max-video-preview:-1\" \/>\n<link rel=\"canonical\" href=\"https:\/\/www.leftygardens.com\/en\/cosa-facciamo\/\" \/>\n<meta property=\"og:locale\" content=\"en_US\" \/>\n<meta property=\"og:type\" content=\"article\" \/>\n<meta property=\"og:title\" content=\"Progettazione Giardini | Lefty Gardens\" \/>\n<meta property=\"og:description\" content=\"Scopri i segreti della progettazione giardini, per realizzare uno spazio verde su misura, dall\u2019irrigazione all\u2019arredo giardino, limitando la manutenzione ordinaria.\" \/>\n<meta property=\"og:url\" content=\"https:\/\/www.leftygardens.com\/en\/cosa-facciamo\/\" \/>\n<meta property=\"og:site_name\" content=\"www.leftygardens.com\" \/>\n<meta property=\"article:modified_time\" content=\"2020-03-10T14:21:55+00:00\" \/>\n<meta name=\"twitter:card\" content=\"summary\" \/>\n<meta name=\"twitter:site\" content=\"@Cicciuzz\" \/>\n<meta name=\"twitter:label1\" content=\"Est. reading time\" \/>\n\t<meta name=\"twitter:data1\" content=\"4 minutes\" \/>\n<script type=\"application\/ld+json\" class=\"yoast-schema-graph\">{\"@context\":\"https:\/\/schema.org\",\"@graph\":[{\"@type\":\"WebPage\",\"@id\":\"https:\/\/www.leftygardens.com\/en\/cosa-facciamo\/\",\"url\":\"https:\/\/www.leftygardens.com\/en\/cosa-facciamo\/\",\"name\":\"Progettazione Giardini | Lefty Gardens\",\"isPartOf\":{\"@id\":\"https:\/\/www.leftygardens.com\/#website\"},\"datePublished\":\"2020-03-08T09:42:09+00:00\",\"dateModified\":\"2020-03-10T14:21:55+00:00\",\"description\":\"Scopri i segreti della progettazione giardini, per realizzare uno spazio verde su misura, dall\u2019irrigazione all\u2019arredo giardino, limitando la manutenzione ordinaria.\",\"breadcrumb\":{\"@id\":\"https:\/\/www.leftygardens.com\/en\/cosa-facciamo\/#breadcrumb\"},\"inLanguage\":\"en-US\",\"potentialAction\":[{\"@type\":\"ReadAction\",\"target\":[\"https:\/\/www.leftygardens.com\/en\/cosa-facciamo\/\"]}]},{\"@type\":\"BreadcrumbList\",\"@id\":\"https:\/\/www.leftygardens.com\/en\/cosa-facciamo\/#breadcrumb\",\"itemListElement\":[{\"@type\":\"ListItem\",\"position\":1,\"name\":\"Home\",\"item\":\"https:\/\/www.leftygardens.com\/en\/\"},{\"@type\":\"ListItem\",\"position\":2,\"name\":\"PROGETTARE UN GIARDINO\"}]},{\"@type\":\"WebSite\",\"@id\":\"https:\/\/www.leftygardens.com\/#website\",\"url\":\"https:\/\/www.leftygardens.com\/\",\"name\":\"www.leftygardens.com\",\"description\":\"Atelier di paesaggio\",\"publisher\":{\"@id\":\"https:\/\/www.leftygardens.com\/#organization\"},\"potentialAction\":[{\"@type\":\"SearchAction\",\"target\":{\"@type\":\"EntryPoint\",\"urlTemplate\":\"https:\/\/www.leftygardens.com\/?s={search_term_string}\"},\"query-input\":\"required name=search_term_string\"}],\"inLanguage\":\"en-US\"},{\"@type\":\"Organization\",\"@id\":\"https:\/\/www.leftygardens.com\/#organization\",\"name\":\"Lefty Gardens\",\"url\":\"https:\/\/www.leftygardens.com\/\",\"sameAs\":[\"https:\/\/www.linkedin.com\/in\/davide-cerruto-07132798\/\",\"https:\/\/twitter.com\/Cicciuzz\"],\"logo\":{\"@type\":\"ImageObject\",\"inLanguage\":\"en-US\",\"@id\":\"https:\/\/www.leftygardens.com\/#\/schema\/logo\/image\/\",\"url\":\"https:\/\/i0.wp.com\/www.leftygardens.com\/wp-content\/uploads\/2017\/01\/logo_salvia_250.png?fit=250%2C240&ssl=1\",\"contentUrl\":\"https:\/\/i0.wp.com\/www.leftygardens.com\/wp-content\/uploads\/2017\/01\/logo_salvia_250.png?fit=250%2C240&ssl=1\",\"width\":250,\"height\":240,\"caption\":\"Lefty Gardens\"},\"image\":{\"@id\":\"https:\/\/www.leftygardens.com\/#\/schema\/logo\/image\/\"}}]}<\/script>\n<!-- \/ Yoast SEO plugin. -->","yoast_head_json":{"title":"\ud83c\udf3f \u2705 Progettazione & Realizzazione Giardini | Lefty Gardens","robots":{"index":"index","follow":"follow","max-snippet":"max-snippet:-1","max-image-preview":"max-image-preview:large","max-video-preview":"max-video-preview:-1"},"canonical":"https:\/\/www.leftygardens.com\/en\/cosa-facciamo\/","og_locale":"en_US","og_type":"article","og_title":"Progettazione Giardini | Lefty Gardens","og_description":"Scopri i segreti della progettazione giardini, per realizzare uno spazio verde su misura, dall\u2019irrigazione all\u2019arredo giardino, limitando la manutenzione ordinaria.","og_url":"https:\/\/www.leftygardens.com\/en\/cosa-facciamo\/","og_site_name":"www.leftygardens.com","article_modified_time":"2020-03-10T14:21:55+00:00","twitter_card":"summary","twitter_site":"@Cicciuzz","twitter_misc":{"Est. reading time":"4 minutes"},"schema":{"@context":"https:\/\/schema.org","@graph":[{"@type":"WebPage","@id":"https:\/\/www.leftygardens.com\/en\/cosa-facciamo\/","url":"https:\/\/www.leftygardens.com\/en\/cosa-facciamo\/","name":"Progettazione Giardini | Lefty Gardens","isPartOf":{"@id":"https:\/\/www.leftygardens.com\/#website"},"datePublished":"2020-03-08T09:42:09+00:00","dateModified":"2020-03-10T14:21:55+00:00","description":"Scopri i segreti della progettazione giardini, per realizzare uno spazio verde su misura, dall\u2019irrigazione all\u2019arredo giardino, limitando la manutenzione ordinaria.","breadcrumb":{"@id":"https:\/\/www.leftygardens.com\/en\/cosa-facciamo\/#breadcrumb"},"inLanguage":"en-US","potentialAction":[{"@type":"ReadAction","target":["https:\/\/www.leftygardens.com\/en\/cosa-facciamo\/"]}]},{"@type":"BreadcrumbList","@id":"https:\/\/www.leftygardens.com\/en\/cosa-facciamo\/#breadcrumb","itemListElement":[{"@type":"ListItem","position":1,"name":"Home","item":"https:\/\/www.leftygardens.com\/en\/"},{"@type":"ListItem","position":2,"name":"PROGETTARE UN GIARDINO"}]},{"@type":"WebSite","@id":"https:\/\/www.leftygardens.com\/#website","url":"https:\/\/www.leftygardens.com\/","name":"www.leftygardens.com","description":"Atelier di paesaggio","publisher":{"@id":"https:\/\/www.leftygardens.com\/#organization"},"potentialAction":[{"@type":"SearchAction","target":{"@type":"EntryPoint","urlTemplate":"https:\/\/www.leftygardens.com\/?s={search_term_string}"},"query-input":"required name=search_term_string"}],"inLanguage":"en-US"},{"@type":"Organization","@id":"https:\/\/www.leftygardens.com\/#organization","name":"Lefty Gardens","url":"https:\/\/www.leftygardens.com\/","sameAs":["https:\/\/www.linkedin.com\/in\/davide-cerruto-07132798\/","https:\/\/twitter.com\/Cicciuzz"],"logo":{"@type":"ImageObject","inLanguage":"en-US","@id":"https:\/\/www.leftygardens.com\/#\/schema\/logo\/image\/","url":"https:\/\/i0.wp.com\/www.leftygardens.com\/wp-content\/uploads\/2017\/01\/logo_salvia_250.png?fit=250%2C240&ssl=1","contentUrl":"https:\/\/i0.wp.com\/www.leftygardens.com\/wp-content\/uploads\/2017\/01\/logo_salvia_250.png?fit=250%2C240&ssl=1","width":250,"height":240,"caption":"Lefty Gardens"},"image":{"@id":"https:\/\/www.leftygardens.com\/#\/schema\/logo\/image\/"}}]}},"jetpack_sharing_enabled":true,"jetpack_shortlink":"https:\/\/wp.me\/P8kDjS-1RG","_links":{"self":[{"href":"https:\/\/www.leftygardens.com\/en\/wp-json\/wp\/v2\/pages\/7172"}],"collection":[{"href":"https:\/\/www.leftygardens.com\/en\/wp-json\/wp\/v2\/pages"}],"about":[{"href":"https:\/\/www.leftygardens.com\/en\/wp-json\/wp\/v2\/types\/page"}],"author":[{"embeddable":true,"href":"https:\/\/www.leftygardens.com\/en\/wp-json\/wp\/v2\/users\/1"}],"replies":[{"embeddable":true,"href":"https:\/\/www.leftygardens.com\/en\/wp-json\/wp\/v2\/comments?post=7172"}],"version-history":[{"count":1,"href":"https:\/\/www.leftygardens.com\/en\/wp-json\/wp\/v2\/pages\/7172\/revisions"}],"predecessor-version":[{"id":7175,"href":"https:\/\/www.leftygardens.com\/en\/wp-json\/wp\/v2\/pages\/7172\/revisions\/7175"}],"wp:attachment":[{"href":"https:\/\/www.leftygardens.com\/en\/wp-json\/wp\/v2\/media?parent=7172"}],"curies":[{"name":"wp","href":"https:\/\/api.w.org\/{rel}","templated":true}]}}